{"id":137,"date":"2019-10-14T14:30:36","date_gmt":"2019-10-14T14:30:36","guid":{"rendered":"https:\/\/mmkt.me\/esics\/?page_id=137"},"modified":"2020-01-16T15:34:23","modified_gmt":"2020-01-16T15:34:23","slug":"centre-naturopatia","status":"publish","type":"page","link":"https:\/\/esics.es\/ca\/centre-naturopatia\/","title":{"rendered":"Naturopatia"},"content":{"rendered":"","protected":false},"excerpt":{"rendered":"","protected":false},"author":1,"featured_media":0,"parent":0,"menu_order":0,"comment_status":"closed","ping_status":"closed","template":"","meta":{"footnotes":""},"class_list":["post-137","page","type-page","status-publish","hentry"],"yoast_head":"<!-- This site is optimized with the Yoast SEO plugin v26.8 - https:\/\/yoast.com\/product\/yoast-seo-wordpress\/ -->\n<title>Centre de Naturopatia a Matar\u00f3 i Maresme - ESICS<\/title>\n<meta name=\"description\" content=\"Som un centre de Naturopatia especialitzat a Matar\u00f3 i Maresme amb serveis de Quiromassatge, Drenatge Limf\u00e0tic o Coach Transformacional. Visita&#039;ns!\" \/>\n<meta name=\"robots\" content=\"index, follow, max-snippet:-1, max-image-preview:large, max-video-preview:-1\" \/>\n<link rel=\"canonical\" href=\"https:\/\/esics.es\/ca\/centre-naturopatia\/\" \/>\n<meta property=\"og:locale\" content=\"ca_ES\" \/>\n<meta property=\"og:type\" content=\"article\" \/>\n<meta property=\"og:title\" content=\"Centre de Naturopatia a Matar\u00f3 i Maresme - ESICS\" \/>\n<meta property=\"og:description\" content=\"Som un centre de Naturopatia especialitzat a Matar\u00f3 i Maresme amb serveis de Quiromassatge, Drenatge Limf\u00e0tic o Coach Transformacional. Visita&#039;ns!\" \/>\n<meta property=\"og:url\" content=\"https:\/\/esics.es\/ca\/centre-naturopatia\/\" \/>\n<meta property=\"og:site_name\" content=\"ESICS\" \/>\n<meta property=\"article:modified_time\" content=\"2020-01-16T15:34:23+00:00\" \/>\n<meta name=\"twitter:card\" content=\"summary_large_image\" \/>\n<script type=\"application\/ld+json\" class=\"yoast-schema-graph\">{\"@context\":\"https:\/\/schema.org\",\"@graph\":[{\"@type\":\"WebPage\",\"@id\":\"https:\/\/esics.es\/ca\/centre-naturopatia\/\",\"url\":\"https:\/\/esics.es\/ca\/centre-naturopatia\/\",\"name\":\"Centre de Naturopatia a Matar\u00f3 i Maresme - ESICS\",\"isPartOf\":{\"@id\":\"https:\/\/esics.es\/ca\/#website\"},\"datePublished\":\"2019-10-14T14:30:36+00:00\",\"dateModified\":\"2020-01-16T15:34:23+00:00\",\"description\":\"Som un centre de Naturopatia especialitzat a Matar\u00f3 i Maresme amb serveis de Quiromassatge, Drenatge Limf\u00e0tic o Coach Transformacional. Visita'ns!\",\"breadcrumb\":{\"@id\":\"https:\/\/esics.es\/ca\/centre-naturopatia\/#breadcrumb\"},\"inLanguage\":\"ca\",\"potentialAction\":[{\"@type\":\"ReadAction\",\"target\":[\"https:\/\/esics.es\/ca\/centre-naturopatia\/\"]}]},{\"@type\":\"BreadcrumbList\",\"@id\":\"https:\/\/esics.es\/ca\/centre-naturopatia\/#breadcrumb\",\"itemListElement\":[{\"@type\":\"ListItem\",\"position\":1,\"name\":\"Portada\",\"item\":\"https:\/\/esics.es\/ca\/\"},{\"@type\":\"ListItem\",\"position\":2,\"name\":\"Naturopatia\"}]},{\"@type\":\"WebSite\",\"@id\":\"https:\/\/esics.es\/ca\/#website\",\"url\":\"https:\/\/esics.es\/ca\/\",\"name\":\"ESICS\",\"description\":\"Energia Sana in Corpore Sano\",\"publisher\":{\"@id\":\"https:\/\/esics.es\/ca\/#organization\"},\"alternateName\":\"esics\",\"potentialAction\":[{\"@type\":\"SearchAction\",\"target\":{\"@type\":\"EntryPoint\",\"urlTemplate\":\"https:\/\/esics.es\/ca\/?s={search_term_string}\"},\"query-input\":{\"@type\":\"PropertyValueSpecification\",\"valueRequired\":true,\"valueName\":\"search_term_string\"}}],\"inLanguage\":\"ca\"},{\"@type\":\"Organization\",\"@id\":\"https:\/\/esics.es\/ca\/#organization\",\"name\":\"ESICS - Centre Fisioter\u00e0pia i Naturopatia\",\"alternateName\":\"ESICS\",\"url\":\"https:\/\/esics.es\/ca\/\",\"logo\":{\"@type\":\"ImageObject\",\"inLanguage\":\"ca\",\"@id\":\"https:\/\/esics.es\/ca\/#\/schema\/logo\/image\/\",\"url\":\"https:\/\/esics.es\/wp-content\/uploads\/2019\/12\/favicon.png\",\"contentUrl\":\"https:\/\/esics.es\/wp-content\/uploads\/2019\/12\/favicon.png\",\"width\":512,\"height\":512,\"caption\":\"ESICS - Centre Fisioter\u00e0pia i Naturopatia\"},\"image\":{\"@id\":\"https:\/\/esics.es\/ca\/#\/schema\/logo\/image\/\"}}]}<\/script>\n<!-- \/ Yoast SEO plugin. -->","yoast_head_json":{"title":"Centre de Naturopatia a Matar\u00f3 i Maresme - ESICS","description":"Som un centre de Naturopatia especialitzat a Matar\u00f3 i Maresme amb serveis de Quiromassatge, Drenatge Limf\u00e0tic o Coach Transformacional. Visita'ns!","robots":{"index":"index","follow":"follow","max-snippet":"max-snippet:-1","max-image-preview":"max-image-preview:large","max-video-preview":"max-video-preview:-1"},"canonical":"https:\/\/esics.es\/ca\/centre-naturopatia\/","og_locale":"ca_ES","og_type":"article","og_title":"Centre de Naturopatia a Matar\u00f3 i Maresme - ESICS","og_description":"Som un centre de Naturopatia especialitzat a Matar\u00f3 i Maresme amb serveis de Quiromassatge, Drenatge Limf\u00e0tic o Coach Transformacional. Visita'ns!","og_url":"https:\/\/esics.es\/ca\/centre-naturopatia\/","og_site_name":"ESICS","article_modified_time":"2020-01-16T15:34:23+00:00","twitter_card":"summary_large_image","schema":{"@context":"https:\/\/schema.org","@graph":[{"@type":"WebPage","@id":"https:\/\/esics.es\/ca\/centre-naturopatia\/","url":"https:\/\/esics.es\/ca\/centre-naturopatia\/","name":"Centre de Naturopatia a Matar\u00f3 i Maresme - ESICS","isPartOf":{"@id":"https:\/\/esics.es\/ca\/#website"},"datePublished":"2019-10-14T14:30:36+00:00","dateModified":"2020-01-16T15:34:23+00:00","description":"Som un centre de Naturopatia especialitzat a Matar\u00f3 i Maresme amb serveis de Quiromassatge, Drenatge Limf\u00e0tic o Coach Transformacional. Visita'ns!","breadcrumb":{"@id":"https:\/\/esics.es\/ca\/centre-naturopatia\/#breadcrumb"},"inLanguage":"ca","potentialAction":[{"@type":"ReadAction","target":["https:\/\/esics.es\/ca\/centre-naturopatia\/"]}]},{"@type":"BreadcrumbList","@id":"https:\/\/esics.es\/ca\/centre-naturopatia\/#breadcrumb","itemListElement":[{"@type":"ListItem","position":1,"name":"Portada","item":"https:\/\/esics.es\/ca\/"},{"@type":"ListItem","position":2,"name":"Naturopatia"}]},{"@type":"WebSite","@id":"https:\/\/esics.es\/ca\/#website","url":"https:\/\/esics.es\/ca\/","name":"ESICS","description":"Energia Sana in Corpore Sano","publisher":{"@id":"https:\/\/esics.es\/ca\/#organization"},"alternateName":"esics","potentialAction":[{"@type":"SearchAction","target":{"@type":"EntryPoint","urlTemplate":"https:\/\/esics.es\/ca\/?s={search_term_string}"},"query-input":{"@type":"PropertyValueSpecification","valueRequired":true,"valueName":"search_term_string"}}],"inLanguage":"ca"},{"@type":"Organization","@id":"https:\/\/esics.es\/ca\/#organization","name":"ESICS - Centre Fisioter\u00e0pia i Naturopatia","alternateName":"ESICS","url":"https:\/\/esics.es\/ca\/","logo":{"@type":"ImageObject","inLanguage":"ca","@id":"https:\/\/esics.es\/ca\/#\/schema\/logo\/image\/","url":"https:\/\/esics.es\/wp-content\/uploads\/2019\/12\/favicon.png","contentUrl":"https:\/\/esics.es\/wp-content\/uploads\/2019\/12\/favicon.png","width":512,"height":512,"caption":"ESICS - Centre Fisioter\u00e0pia i Naturopatia"},"image":{"@id":"https:\/\/esics.es\/ca\/#\/schema\/logo\/image\/"}}]}},"_links":{"self":[{"href":"https:\/\/esics.es\/ca\/wp-json\/wp\/v2\/pages\/137","targetHints":{"allow":["GET"]}}],"collection":[{"href":"https:\/\/esics.es\/ca\/wp-json\/wp\/v2\/pages"}],"about":[{"href":"https:\/\/esics.es\/ca\/wp-json\/wp\/v2\/types\/page"}],"author":[{"embeddable":true,"href":"https:\/\/esics.es\/ca\/wp-json\/wp\/v2\/users\/1"}],"replies":[{"embeddable":true,"href":"https:\/\/esics.es\/ca\/wp-json\/wp\/v2\/comments?post=137"}],"version-history":[{"count":1,"href":"https:\/\/esics.es\/ca\/wp-json\/wp\/v2\/pages\/137\/revisions"}],"predecessor-version":[{"id":630,"href":"https:\/\/esics.es\/ca\/wp-json\/wp\/v2\/pages\/137\/revisions\/630"}],"wp:attachment":[{"href":"https:\/\/esics.es\/ca\/wp-json\/wp\/v2\/media?parent=137"}],"curies":[{"name":"wp","href":"https:\/\/api.w.org\/{rel}","templated":true}]}}