{"id":149,"date":"2019-10-15T10:34:27","date_gmt":"2019-10-15T10:34:27","guid":{"rendered":"https:\/\/mmkt.me\/esics\/?page_id=149"},"modified":"2024-08-23T11:52:30","modified_gmt":"2024-08-23T11:52:30","slug":"fisioterapia-esportiva","status":"publish","type":"page","link":"https:\/\/esics.es\/ca\/fisioterapia-rehabilitacio\/fisioterapia-esportiva\/","title":{"rendered":"Fisioter\u00e0pia Esportiva"},"content":{"rendered":"","protected":false},"excerpt":{"rendered":"","protected":false},"author":1,"featured_media":0,"parent":106,"menu_order":0,"comment_status":"closed","ping_status":"closed","template":"","meta":{"footnotes":""},"class_list":["post-149","page","type-page","status-publish","hentry"],"yoast_head":"<!-- This site is optimized with the Yoast SEO plugin v26.8 - https:\/\/yoast.com\/product\/yoast-seo-wordpress\/ -->\n<title>Fisioter\u00e0pia Esportiva: Professionals a Matar\u00f3 i Maresme - ESICS<\/title>\n<meta name=\"description\" content=\"Servei especialitzat en fisioter\u00e0pia esportiva. Tant si \u00e9s per prevenir lesions com per a la rehabilitaci\u00f3, confia amb ESICS.\" \/>\n<meta name=\"robots\" content=\"index, follow, max-snippet:-1, max-image-preview:large, max-video-preview:-1\" \/>\n<link rel=\"canonical\" href=\"https:\/\/esics.es\/ca\/fisioterapia-rehabilitacio\/fisioterapia-esportiva\/\" \/>\n<meta property=\"og:locale\" content=\"ca_ES\" \/>\n<meta property=\"og:type\" content=\"article\" \/>\n<meta property=\"og:title\" content=\"Fisioter\u00e0pia Esportiva: Professionals a Matar\u00f3 i Maresme - ESICS\" \/>\n<meta property=\"og:description\" content=\"Servei especialitzat en fisioter\u00e0pia esportiva. Tant si \u00e9s per prevenir lesions com per a la rehabilitaci\u00f3, confia amb ESICS.\" \/>\n<meta property=\"og:url\" content=\"https:\/\/esics.es\/ca\/fisioterapia-rehabilitacio\/fisioterapia-esportiva\/\" \/>\n<meta property=\"og:site_name\" content=\"ESICS\" \/>\n<meta property=\"article:modified_time\" content=\"2024-08-23T11:52:30+00:00\" \/>\n<meta name=\"twitter:card\" content=\"summary_large_image\" \/>\n<meta name=\"twitter:label1\" content=\"Temps estimat de lectura\" \/>\n\t<meta name=\"twitter:data1\" content=\"2 minuts\" \/>\n<script type=\"application\/ld+json\" class=\"yoast-schema-graph\">{\"@context\":\"https:\/\/schema.org\",\"@graph\":[{\"@type\":\"WebPage\",\"@id\":\"https:\/\/esics.es\/ca\/fisioterapia-rehabilitacio\/fisioterapia-esportiva\/\",\"url\":\"https:\/\/esics.es\/ca\/fisioterapia-rehabilitacio\/fisioterapia-esportiva\/\",\"name\":\"Fisioter\u00e0pia Esportiva: Professionals a Matar\u00f3 i Maresme - ESICS\",\"isPartOf\":{\"@id\":\"https:\/\/esics.es\/ca\/#website\"},\"datePublished\":\"2019-10-15T10:34:27+00:00\",\"dateModified\":\"2024-08-23T11:52:30+00:00\",\"description\":\"Servei especialitzat en fisioter\u00e0pia esportiva. Tant si \u00e9s per prevenir lesions com per a la rehabilitaci\u00f3, confia amb ESICS.\",\"breadcrumb\":{\"@id\":\"https:\/\/esics.es\/ca\/fisioterapia-rehabilitacio\/fisioterapia-esportiva\/#breadcrumb\"},\"inLanguage\":\"ca\",\"potentialAction\":[{\"@type\":\"ReadAction\",\"target\":[\"https:\/\/esics.es\/ca\/fisioterapia-rehabilitacio\/fisioterapia-esportiva\/\"]}]},{\"@type\":\"BreadcrumbList\",\"@id\":\"https:\/\/esics.es\/ca\/fisioterapia-rehabilitacio\/fisioterapia-esportiva\/#breadcrumb\",\"itemListElement\":[{\"@type\":\"ListItem\",\"position\":1,\"name\":\"Portada\",\"item\":\"https:\/\/esics.es\/ca\/\"},{\"@type\":\"ListItem\",\"position\":2,\"name\":\"Fisioter\u00e0pia\",\"item\":\"https:\/\/esics.es\/ca\/fisioterapia-rehabilitacio\/\"},{\"@type\":\"ListItem\",\"position\":3,\"name\":\"Fisioter\u00e0pia Esportiva\"}]},{\"@type\":\"WebSite\",\"@id\":\"https:\/\/esics.es\/ca\/#website\",\"url\":\"https:\/\/esics.es\/ca\/\",\"name\":\"ESICS\",\"description\":\"Energia Sana in Corpore Sano\",\"publisher\":{\"@id\":\"https:\/\/esics.es\/ca\/#organization\"},\"alternateName\":\"esics\",\"potentialAction\":[{\"@type\":\"SearchAction\",\"target\":{\"@type\":\"EntryPoint\",\"urlTemplate\":\"https:\/\/esics.es\/ca\/?s={search_term_string}\"},\"query-input\":{\"@type\":\"PropertyValueSpecification\",\"valueRequired\":true,\"valueName\":\"search_term_string\"}}],\"inLanguage\":\"ca\"},{\"@type\":\"Organization\",\"@id\":\"https:\/\/esics.es\/ca\/#organization\",\"name\":\"ESICS - Centre Fisioter\u00e0pia i Naturopatia\",\"alternateName\":\"ESICS\",\"url\":\"https:\/\/esics.es\/ca\/\",\"logo\":{\"@type\":\"ImageObject\",\"inLanguage\":\"ca\",\"@id\":\"https:\/\/esics.es\/ca\/#\/schema\/logo\/image\/\",\"url\":\"https:\/\/esics.es\/wp-content\/uploads\/2019\/12\/favicon.png\",\"contentUrl\":\"https:\/\/esics.es\/wp-content\/uploads\/2019\/12\/favicon.png\",\"width\":512,\"height\":512,\"caption\":\"ESICS - Centre Fisioter\u00e0pia i Naturopatia\"},\"image\":{\"@id\":\"https:\/\/esics.es\/ca\/#\/schema\/logo\/image\/\"}}]}<\/script>\n<!-- \/ Yoast SEO plugin. -->","yoast_head_json":{"title":"Fisioter\u00e0pia Esportiva: Professionals a Matar\u00f3 i Maresme - ESICS","description":"Servei especialitzat en fisioter\u00e0pia esportiva. Tant si \u00e9s per prevenir lesions com per a la rehabilitaci\u00f3, confia amb ESICS.","robots":{"index":"index","follow":"follow","max-snippet":"max-snippet:-1","max-image-preview":"max-image-preview:large","max-video-preview":"max-video-preview:-1"},"canonical":"https:\/\/esics.es\/ca\/fisioterapia-rehabilitacio\/fisioterapia-esportiva\/","og_locale":"ca_ES","og_type":"article","og_title":"Fisioter\u00e0pia Esportiva: Professionals a Matar\u00f3 i Maresme - ESICS","og_description":"Servei especialitzat en fisioter\u00e0pia esportiva. Tant si \u00e9s per prevenir lesions com per a la rehabilitaci\u00f3, confia amb ESICS.","og_url":"https:\/\/esics.es\/ca\/fisioterapia-rehabilitacio\/fisioterapia-esportiva\/","og_site_name":"ESICS","article_modified_time":"2024-08-23T11:52:30+00:00","twitter_card":"summary_large_image","twitter_misc":{"Temps estimat de lectura":"2 minuts"},"schema":{"@context":"https:\/\/schema.org","@graph":[{"@type":"WebPage","@id":"https:\/\/esics.es\/ca\/fisioterapia-rehabilitacio\/fisioterapia-esportiva\/","url":"https:\/\/esics.es\/ca\/fisioterapia-rehabilitacio\/fisioterapia-esportiva\/","name":"Fisioter\u00e0pia Esportiva: Professionals a Matar\u00f3 i Maresme - ESICS","isPartOf":{"@id":"https:\/\/esics.es\/ca\/#website"},"datePublished":"2019-10-15T10:34:27+00:00","dateModified":"2024-08-23T11:52:30+00:00","description":"Servei especialitzat en fisioter\u00e0pia esportiva. Tant si \u00e9s per prevenir lesions com per a la rehabilitaci\u00f3, confia amb ESICS.","breadcrumb":{"@id":"https:\/\/esics.es\/ca\/fisioterapia-rehabilitacio\/fisioterapia-esportiva\/#breadcrumb"},"inLanguage":"ca","potentialAction":[{"@type":"ReadAction","target":["https:\/\/esics.es\/ca\/fisioterapia-rehabilitacio\/fisioterapia-esportiva\/"]}]},{"@type":"BreadcrumbList","@id":"https:\/\/esics.es\/ca\/fisioterapia-rehabilitacio\/fisioterapia-esportiva\/#breadcrumb","itemListElement":[{"@type":"ListItem","position":1,"name":"Portada","item":"https:\/\/esics.es\/ca\/"},{"@type":"ListItem","position":2,"name":"Fisioter\u00e0pia","item":"https:\/\/esics.es\/ca\/fisioterapia-rehabilitacio\/"},{"@type":"ListItem","position":3,"name":"Fisioter\u00e0pia Esportiva"}]},{"@type":"WebSite","@id":"https:\/\/esics.es\/ca\/#website","url":"https:\/\/esics.es\/ca\/","name":"ESICS","description":"Energia Sana in Corpore Sano","publisher":{"@id":"https:\/\/esics.es\/ca\/#organization"},"alternateName":"esics","potentialAction":[{"@type":"SearchAction","target":{"@type":"EntryPoint","urlTemplate":"https:\/\/esics.es\/ca\/?s={search_term_string}"},"query-input":{"@type":"PropertyValueSpecification","valueRequired":true,"valueName":"search_term_string"}}],"inLanguage":"ca"},{"@type":"Organization","@id":"https:\/\/esics.es\/ca\/#organization","name":"ESICS - Centre Fisioter\u00e0pia i Naturopatia","alternateName":"ESICS","url":"https:\/\/esics.es\/ca\/","logo":{"@type":"ImageObject","inLanguage":"ca","@id":"https:\/\/esics.es\/ca\/#\/schema\/logo\/image\/","url":"https:\/\/esics.es\/wp-content\/uploads\/2019\/12\/favicon.png","contentUrl":"https:\/\/esics.es\/wp-content\/uploads\/2019\/12\/favicon.png","width":512,"height":512,"caption":"ESICS - Centre Fisioter\u00e0pia i Naturopatia"},"image":{"@id":"https:\/\/esics.es\/ca\/#\/schema\/logo\/image\/"}}]}},"_links":{"self":[{"href":"https:\/\/esics.es\/ca\/wp-json\/wp\/v2\/pages\/149","targetHints":{"allow":["GET"]}}],"collection":[{"href":"https:\/\/esics.es\/ca\/wp-json\/wp\/v2\/pages"}],"about":[{"href":"https:\/\/esics.es\/ca\/wp-json\/wp\/v2\/types\/page"}],"author":[{"embeddable":true,"href":"https:\/\/esics.es\/ca\/wp-json\/wp\/v2\/users\/1"}],"replies":[{"embeddable":true,"href":"https:\/\/esics.es\/ca\/wp-json\/wp\/v2\/comments?post=149"}],"version-history":[{"count":1,"href":"https:\/\/esics.es\/ca\/wp-json\/wp\/v2\/pages\/149\/revisions"}],"predecessor-version":[{"id":626,"href":"https:\/\/esics.es\/ca\/wp-json\/wp\/v2\/pages\/149\/revisions\/626"}],"up":[{"embeddable":true,"href":"https:\/\/esics.es\/ca\/wp-json\/wp\/v2\/pages\/106"}],"wp:attachment":[{"href":"https:\/\/esics.es\/ca\/wp-json\/wp\/v2\/media?parent=149"}],"curies":[{"name":"wp","href":"https:\/\/api.w.org\/{rel}","templated":true}]}}