{"id":171,"date":"2019-10-15T11:19:42","date_gmt":"2019-10-15T11:19:42","guid":{"rendered":"https:\/\/mmkt.me\/esics\/?page_id=171"},"modified":"2023-10-30T14:04:01","modified_gmt":"2023-10-30T14:04:01","slug":"coaching-transformacional-mataro","status":"publish","type":"page","link":"https:\/\/esics.es\/ca\/centre-naturopatia\/coaching-transformacional-mataro\/","title":{"rendered":"Coach Transformacional"},"content":{"rendered":"","protected":false},"excerpt":{"rendered":"","protected":false},"author":1,"featured_media":0,"parent":137,"menu_order":0,"comment_status":"closed","ping_status":"closed","template":"","meta":{"footnotes":""},"class_list":["post-171","page","type-page","status-publish","hentry"],"yoast_head":"<!-- This site is optimized with the Yoast SEO plugin v26.8 - https:\/\/yoast.com\/product\/yoast-seo-wordpress\/ -->\n<title>Coaching Transformacional a Matar\u00f3: Reinventa&#039;t amb nosaltres<\/title>\n<meta name=\"description\" content=\"Descobreix el poder del Coaching Transformacional a Matar\u00f3, Maresme. T&#039;acompanyem en aquest viatge d&#039;autoconeixement i transformaci\u00f3.\" \/>\n<meta name=\"robots\" content=\"index, follow, max-snippet:-1, max-image-preview:large, max-video-preview:-1\" \/>\n<link rel=\"canonical\" href=\"https:\/\/esics.es\/ca\/centre-naturopatia\/coaching-transformacional-mataro\/\" \/>\n<meta property=\"og:locale\" content=\"ca_ES\" \/>\n<meta property=\"og:type\" content=\"article\" \/>\n<meta property=\"og:title\" content=\"Coaching Transformacional a Matar\u00f3: Reinventa&#039;t amb nosaltres\" \/>\n<meta property=\"og:description\" content=\"Descobreix el poder del Coaching Transformacional a Matar\u00f3, Maresme. T&#039;acompanyem en aquest viatge d&#039;autoconeixement i transformaci\u00f3.\" \/>\n<meta property=\"og:url\" content=\"https:\/\/esics.es\/ca\/centre-naturopatia\/coaching-transformacional-mataro\/\" \/>\n<meta property=\"og:site_name\" content=\"ESICS\" \/>\n<meta property=\"article:modified_time\" content=\"2023-10-30T14:04:01+00:00\" \/>\n<meta name=\"twitter:card\" content=\"summary_large_image\" \/>\n<script type=\"application\/ld+json\" class=\"yoast-schema-graph\">{\"@context\":\"https:\/\/schema.org\",\"@graph\":[{\"@type\":\"WebPage\",\"@id\":\"https:\/\/esics.es\/ca\/centre-naturopatia\/coaching-transformacional-mataro\/\",\"url\":\"https:\/\/esics.es\/ca\/centre-naturopatia\/coaching-transformacional-mataro\/\",\"name\":\"Coaching Transformacional a Matar\u00f3: Reinventa't amb nosaltres\",\"isPartOf\":{\"@id\":\"https:\/\/esics.es\/ca\/#website\"},\"datePublished\":\"2019-10-15T11:19:42+00:00\",\"dateModified\":\"2023-10-30T14:04:01+00:00\",\"description\":\"Descobreix el poder del Coaching Transformacional a Matar\u00f3, Maresme. T'acompanyem en aquest viatge d'autoconeixement i transformaci\u00f3.\",\"breadcrumb\":{\"@id\":\"https:\/\/esics.es\/ca\/centre-naturopatia\/coaching-transformacional-mataro\/#breadcrumb\"},\"inLanguage\":\"ca\",\"potentialAction\":[{\"@type\":\"ReadAction\",\"target\":[\"https:\/\/esics.es\/ca\/centre-naturopatia\/coaching-transformacional-mataro\/\"]}]},{\"@type\":\"BreadcrumbList\",\"@id\":\"https:\/\/esics.es\/ca\/centre-naturopatia\/coaching-transformacional-mataro\/#breadcrumb\",\"itemListElement\":[{\"@type\":\"ListItem\",\"position\":1,\"name\":\"Portada\",\"item\":\"https:\/\/esics.es\/ca\/\"},{\"@type\":\"ListItem\",\"position\":2,\"name\":\"Naturopatia\",\"item\":\"https:\/\/esics.es\/ca\/centre-naturopatia\/\"},{\"@type\":\"ListItem\",\"position\":3,\"name\":\"Coach Transformacional\"}]},{\"@type\":\"WebSite\",\"@id\":\"https:\/\/esics.es\/ca\/#website\",\"url\":\"https:\/\/esics.es\/ca\/\",\"name\":\"ESICS\",\"description\":\"Energia Sana in Corpore Sano\",\"publisher\":{\"@id\":\"https:\/\/esics.es\/ca\/#organization\"},\"alternateName\":\"esics\",\"potentialAction\":[{\"@type\":\"SearchAction\",\"target\":{\"@type\":\"EntryPoint\",\"urlTemplate\":\"https:\/\/esics.es\/ca\/?s={search_term_string}\"},\"query-input\":{\"@type\":\"PropertyValueSpecification\",\"valueRequired\":true,\"valueName\":\"search_term_string\"}}],\"inLanguage\":\"ca\"},{\"@type\":\"Organization\",\"@id\":\"https:\/\/esics.es\/ca\/#organization\",\"name\":\"ESICS - Centre Fisioter\u00e0pia i Naturopatia\",\"alternateName\":\"ESICS\",\"url\":\"https:\/\/esics.es\/ca\/\",\"logo\":{\"@type\":\"ImageObject\",\"inLanguage\":\"ca\",\"@id\":\"https:\/\/esics.es\/ca\/#\/schema\/logo\/image\/\",\"url\":\"https:\/\/esics.es\/wp-content\/uploads\/2019\/12\/favicon.png\",\"contentUrl\":\"https:\/\/esics.es\/wp-content\/uploads\/2019\/12\/favicon.png\",\"width\":512,\"height\":512,\"caption\":\"ESICS - Centre Fisioter\u00e0pia i Naturopatia\"},\"image\":{\"@id\":\"https:\/\/esics.es\/ca\/#\/schema\/logo\/image\/\"}}]}<\/script>\n<!-- \/ Yoast SEO plugin. -->","yoast_head_json":{"title":"Coaching Transformacional a Matar\u00f3: Reinventa't amb nosaltres","description":"Descobreix el poder del Coaching Transformacional a Matar\u00f3, Maresme. T'acompanyem en aquest viatge d'autoconeixement i transformaci\u00f3.","robots":{"index":"index","follow":"follow","max-snippet":"max-snippet:-1","max-image-preview":"max-image-preview:large","max-video-preview":"max-video-preview:-1"},"canonical":"https:\/\/esics.es\/ca\/centre-naturopatia\/coaching-transformacional-mataro\/","og_locale":"ca_ES","og_type":"article","og_title":"Coaching Transformacional a Matar\u00f3: Reinventa't amb nosaltres","og_description":"Descobreix el poder del Coaching Transformacional a Matar\u00f3, Maresme. T'acompanyem en aquest viatge d'autoconeixement i transformaci\u00f3.","og_url":"https:\/\/esics.es\/ca\/centre-naturopatia\/coaching-transformacional-mataro\/","og_site_name":"ESICS","article_modified_time":"2023-10-30T14:04:01+00:00","twitter_card":"summary_large_image","schema":{"@context":"https:\/\/schema.org","@graph":[{"@type":"WebPage","@id":"https:\/\/esics.es\/ca\/centre-naturopatia\/coaching-transformacional-mataro\/","url":"https:\/\/esics.es\/ca\/centre-naturopatia\/coaching-transformacional-mataro\/","name":"Coaching Transformacional a Matar\u00f3: Reinventa't amb nosaltres","isPartOf":{"@id":"https:\/\/esics.es\/ca\/#website"},"datePublished":"2019-10-15T11:19:42+00:00","dateModified":"2023-10-30T14:04:01+00:00","description":"Descobreix el poder del Coaching Transformacional a Matar\u00f3, Maresme. T'acompanyem en aquest viatge d'autoconeixement i transformaci\u00f3.","breadcrumb":{"@id":"https:\/\/esics.es\/ca\/centre-naturopatia\/coaching-transformacional-mataro\/#breadcrumb"},"inLanguage":"ca","potentialAction":[{"@type":"ReadAction","target":["https:\/\/esics.es\/ca\/centre-naturopatia\/coaching-transformacional-mataro\/"]}]},{"@type":"BreadcrumbList","@id":"https:\/\/esics.es\/ca\/centre-naturopatia\/coaching-transformacional-mataro\/#breadcrumb","itemListElement":[{"@type":"ListItem","position":1,"name":"Portada","item":"https:\/\/esics.es\/ca\/"},{"@type":"ListItem","position":2,"name":"Naturopatia","item":"https:\/\/esics.es\/ca\/centre-naturopatia\/"},{"@type":"ListItem","position":3,"name":"Coach Transformacional"}]},{"@type":"WebSite","@id":"https:\/\/esics.es\/ca\/#website","url":"https:\/\/esics.es\/ca\/","name":"ESICS","description":"Energia Sana in Corpore Sano","publisher":{"@id":"https:\/\/esics.es\/ca\/#organization"},"alternateName":"esics","potentialAction":[{"@type":"SearchAction","target":{"@type":"EntryPoint","urlTemplate":"https:\/\/esics.es\/ca\/?s={search_term_string}"},"query-input":{"@type":"PropertyValueSpecification","valueRequired":true,"valueName":"search_term_string"}}],"inLanguage":"ca"},{"@type":"Organization","@id":"https:\/\/esics.es\/ca\/#organization","name":"ESICS - Centre Fisioter\u00e0pia i Naturopatia","alternateName":"ESICS","url":"https:\/\/esics.es\/ca\/","logo":{"@type":"ImageObject","inLanguage":"ca","@id":"https:\/\/esics.es\/ca\/#\/schema\/logo\/image\/","url":"https:\/\/esics.es\/wp-content\/uploads\/2019\/12\/favicon.png","contentUrl":"https:\/\/esics.es\/wp-content\/uploads\/2019\/12\/favicon.png","width":512,"height":512,"caption":"ESICS - Centre Fisioter\u00e0pia i Naturopatia"},"image":{"@id":"https:\/\/esics.es\/ca\/#\/schema\/logo\/image\/"}}]}},"_links":{"self":[{"href":"https:\/\/esics.es\/ca\/wp-json\/wp\/v2\/pages\/171","targetHints":{"allow":["GET"]}}],"collection":[{"href":"https:\/\/esics.es\/ca\/wp-json\/wp\/v2\/pages"}],"about":[{"href":"https:\/\/esics.es\/ca\/wp-json\/wp\/v2\/types\/page"}],"author":[{"embeddable":true,"href":"https:\/\/esics.es\/ca\/wp-json\/wp\/v2\/users\/1"}],"replies":[{"embeddable":true,"href":"https:\/\/esics.es\/ca\/wp-json\/wp\/v2\/comments?post=171"}],"version-history":[{"count":1,"href":"https:\/\/esics.es\/ca\/wp-json\/wp\/v2\/pages\/171\/revisions"}],"predecessor-version":[{"id":631,"href":"https:\/\/esics.es\/ca\/wp-json\/wp\/v2\/pages\/171\/revisions\/631"}],"up":[{"embeddable":true,"href":"https:\/\/esics.es\/ca\/wp-json\/wp\/v2\/pages\/137"}],"wp:attachment":[{"href":"https:\/\/esics.es\/ca\/wp-json\/wp\/v2\/media?parent=171"}],"curies":[{"name":"wp","href":"https:\/\/api.w.org\/{rel}","templated":true}]}}